{"id":9,"date":"2023-12-05T14:35:36","date_gmt":"2023-12-05T14:35:36","guid":{"rendered":"https:\/\/napfrugger-willisau.webtheke.ch\/?page_id=9"},"modified":"2024-10-18T09:27:56","modified_gmt":"2024-10-18T09:27:56","slug":"startseite","status":"publish","type":"page","link":"https:\/\/napfrugger-willisau.webtheke.ch\/","title":{"rendered":"Startseite"},"content":{"rendered":"\n\n\n\n\n<h1 class=\"wp-block-heading has-text-align-center\">Napfrugger Willisau<\/h1>\n\n\n\n<h3 class=\"wp-block-heading\">Gr\u00fcndung: 1961<\/h3>\n\n\n\n<p>Seit der Gr\u00fcndung durch C\u00e4sar Menz zelebrieren die Napfrugger eine Fasnacht der Narrenfreiheit. Menschen unterschiedlicher Altersklassen und Gesinnungen vereinen sich auch heute noch w\u00fcrdevoll zum Musizieren, Tanzen, Singen und Feiern. Jeder finanziert seine Fasnacht selbst und gestaltet sein Kost\u00fcm nach seinem eigenen Budget und seiner Phantasie, stets dem aktuellen Motto entsprechend. Die Napfrugger leben eine liebevolle Diktatur, in der die Oberkapellmeisterin Hanni eng mit dem Gouverneur Enrico, der Gouvernante Eveline und der S\u00e4ckelmeisterin Ursi zusammenarbeitet.<\/p>\n\n\n\n<div class=\"wp-block-columns is-layout-flex wp-container-core-columns-is-layout-9d6595d7 wp-block-columns-is-layout-flex\">\n<div class=\"wp-block-column is-layout-flow wp-block-column-is-layout-flow\">\n<figure class=\"wp-block-image size-full\"><img loading=\"lazy\" decoding=\"async\" width=\"1939\" height=\"2560\" src=\"https:\/\/napfrugger-willisau.webtheke.ch\/wp-content\/uploads\/2024\/10\/IMG_6291-scaled.jpg\" alt=\"\" class=\"wp-image-2355\" style=\"aspect-ratio:1;object-fit:cover\" srcset=\"https:\/\/napfrugger-willisau.webtheke.ch\/wp-content\/uploads\/2024\/10\/IMG_6291-scaled.jpg 1939w, https:\/\/napfrugger-willisau.webtheke.ch\/wp-content\/uploads\/2024\/10\/IMG_6291-227x300.jpg 227w, https:\/\/napfrugger-willisau.webtheke.ch\/wp-content\/uploads\/2024\/10\/IMG_6291-776x1024.jpg 776w, https:\/\/napfrugger-willisau.webtheke.ch\/wp-content\/uploads\/2024\/10\/IMG_6291-768x1014.jpg 768w, https:\/\/napfrugger-willisau.webtheke.ch\/wp-content\/uploads\/2024\/10\/IMG_6291-1163x1536.jpg 1163w, https:\/\/napfrugger-willisau.webtheke.ch\/wp-content\/uploads\/2024\/10\/IMG_6291-1551x2048.jpg 1551w\" sizes=\"auto, (max-width: 1939px) 100vw, 1939px\" \/><\/figure>\n\n\n\n<p class=\"has-text-align-center\">Frauenpower 1994<\/p>\n<\/div>\n\n\n\n<div class=\"wp-block-column is-layout-flow wp-block-column-is-layout-flow\">\n<figure class=\"wp-block-image size-full\"><img loading=\"lazy\" decoding=\"async\" width=\"2560\" height=\"1658\" src=\"https:\/\/napfrugger-willisau.webtheke.ch\/wp-content\/uploads\/2024\/10\/IMG_6304-scaled.jpg\" alt=\"\" class=\"wp-image-2371\" style=\"aspect-ratio:1;object-fit:cover\" srcset=\"https:\/\/napfrugger-willisau.webtheke.ch\/wp-content\/uploads\/2024\/10\/IMG_6304-scaled.jpg 2560w, https:\/\/napfrugger-willisau.webtheke.ch\/wp-content\/uploads\/2024\/10\/IMG_6304-300x194.jpg 300w, https:\/\/napfrugger-willisau.webtheke.ch\/wp-content\/uploads\/2024\/10\/IMG_6304-1024x663.jpg 1024w, https:\/\/napfrugger-willisau.webtheke.ch\/wp-content\/uploads\/2024\/10\/IMG_6304-768x497.jpg 768w, https:\/\/napfrugger-willisau.webtheke.ch\/wp-content\/uploads\/2024\/10\/IMG_6304-1536x995.jpg 1536w, https:\/\/napfrugger-willisau.webtheke.ch\/wp-content\/uploads\/2024\/10\/IMG_6304-2048x1327.jpg 2048w\" sizes=\"auto, (max-width: 2560px) 100vw, 2560px\" \/><\/figure>\n\n\n\n<p class=\"has-text-align-center\">Recycling 1995<\/p>\n<\/div>\n\n\n\n<div class=\"wp-block-column is-layout-flow wp-block-column-is-layout-flow\">\n<figure class=\"wp-block-image size-full\"><img loading=\"lazy\" decoding=\"async\" width=\"2560\" height=\"1672\" src=\"https:\/\/napfrugger-willisau.webtheke.ch\/wp-content\/uploads\/2024\/10\/IMG_6233-scaled.jpg\" alt=\"\" class=\"wp-image-2475\" style=\"aspect-ratio:1;object-fit:cover\" srcset=\"https:\/\/napfrugger-willisau.webtheke.ch\/wp-content\/uploads\/2024\/10\/IMG_6233-scaled.jpg 2560w, https:\/\/napfrugger-willisau.webtheke.ch\/wp-content\/uploads\/2024\/10\/IMG_6233-300x196.jpg 300w, https:\/\/napfrugger-willisau.webtheke.ch\/wp-content\/uploads\/2024\/10\/IMG_6233-1024x669.jpg 1024w, https:\/\/napfrugger-willisau.webtheke.ch\/wp-content\/uploads\/2024\/10\/IMG_6233-768x502.jpg 768w, https:\/\/napfrugger-willisau.webtheke.ch\/wp-content\/uploads\/2024\/10\/IMG_6233-1536x1003.jpg 1536w, https:\/\/napfrugger-willisau.webtheke.ch\/wp-content\/uploads\/2024\/10\/IMG_6233-2048x1338.jpg 2048w\" sizes=\"auto, (max-width: 2560px) 100vw, 2560px\" \/><\/figure>\n\n\n\n<p class=\"has-text-align-center\">Puppenkiste 2001<\/p>\n<\/div>\n<\/div>\n\n\n\n<div style=\"height:50px\" aria-hidden=\"true\" class=\"wp-block-spacer\"><\/div>\n\n\n\n<div class=\"video-container\">\n<iframe loading=\"lazy\" width=\"560\" height=\"315\" src=\"https:\/\/www.youtube.com\/embed\/LirV5mdXMaI?si=j6arKZqBbGwQcHcs\" title=\"YouTube video player\" frameborder=\"0\" allow=\"accelerometer; autoplay; clipboard-write; encrypted-media; gyroscope; picture-in-picture; web-share\" referrerpolicy=\"strict-origin-when-cross-origin\" allowfullscreen class=\"video\"><\/iframe>\n<\/div>\n\n\n\n<div style=\"height:50px\" aria-hidden=\"true\" class=\"wp-block-spacer\"><\/div>\n\n\n\n<h3 class=\"wp-block-heading\">Philosophie<\/h3>\n\n\n\n<p>Die Napfrugger feiern die Fasnacht noch heute in ihrer Urform. Die Narrenfreiheit \u00e4ussert sich in der Musik und in den individuellen Kost\u00fcmen. Der Phantasie sind keine Grenzen gesetzt, was die Napfrugger von anderen Guggenmusiken deutlich unterscheidet. Als wilder Haufen ziehen sie kakophonisch durch Kneipen und Strassen. Keine Profiband, aber Profifasn\u00e4chtler!<\/p>\n\n\n<div class=\"wp-block-image is-style-default\">\n<figure class=\"aligncenter size-large\"><img loading=\"lazy\" decoding=\"async\" width=\"1024\" height=\"768\" src=\"https:\/\/napfrugger-willisau.webtheke.ch\/wp-content\/uploads\/2024\/10\/Ruggergarten-1024x768.jpg\" alt=\"\" class=\"wp-image-2538\" srcset=\"https:\/\/napfrugger-willisau.webtheke.ch\/wp-content\/uploads\/2024\/10\/Ruggergarten-1024x768.jpg 1024w, https:\/\/napfrugger-willisau.webtheke.ch\/wp-content\/uploads\/2024\/10\/Ruggergarten-300x225.jpg 300w, https:\/\/napfrugger-willisau.webtheke.ch\/wp-content\/uploads\/2024\/10\/Ruggergarten-768x576.jpg 768w, https:\/\/napfrugger-willisau.webtheke.ch\/wp-content\/uploads\/2024\/10\/Ruggergarten-1536x1152.jpg 1536w, https:\/\/napfrugger-willisau.webtheke.ch\/wp-content\/uploads\/2024\/10\/Ruggergarten-2048x1536.jpg 2048w\" sizes=\"auto, (max-width: 1024px) 100vw, 1024px\" \/><\/figure>\n<\/div>\n\n\n<p class=\"has-text-align-center\">Gartenzwerge 2007<\/p>\n\n\n\n<div style=\"height:50px\" aria-hidden=\"true\" class=\"wp-block-spacer\"><\/div>\n\n\n\n<h3 class=\"wp-block-heading\">Musikalische Leitung und Musikstil<\/h3>\n\n\n\n<p>Die wohl \u00e4lteste Tambourmajorin (Tambourmayonnaise) der Schweiz, Hanni Troxler, leitet die Napfrugger mit viel Herzblut und K\u00f6nnen seit 1992. Ihr Stil pr\u00e4gt die Napfrugger sehr. Tanzend und Trompete spielend animiert sie die Truppe sowie das Publikum. Von New Orleans \u00fcber Blues, Funk und Folk bis hin zu urschweizerischen Kl\u00e4ngen arrangiert oder komponiert Hanni alle St\u00fccke selbst.<\/p>\n\n\n<div class=\"wp-block-image\">\n<figure class=\"aligncenter size-large\"><img loading=\"lazy\" decoding=\"async\" width=\"1024\" height=\"683\" src=\"https:\/\/napfrugger-willisau.webtheke.ch\/wp-content\/uploads\/2024\/10\/TOS_5550-1024x683.jpg\" alt=\"\" class=\"wp-image-2539\" srcset=\"https:\/\/napfrugger-willisau.webtheke.ch\/wp-content\/uploads\/2024\/10\/TOS_5550-1024x683.jpg 1024w, https:\/\/napfrugger-willisau.webtheke.ch\/wp-content\/uploads\/2024\/10\/TOS_5550-300x200.jpg 300w, https:\/\/napfrugger-willisau.webtheke.ch\/wp-content\/uploads\/2024\/10\/TOS_5550-768x513.jpg 768w, https:\/\/napfrugger-willisau.webtheke.ch\/wp-content\/uploads\/2024\/10\/TOS_5550-1536x1025.jpg 1536w, https:\/\/napfrugger-willisau.webtheke.ch\/wp-content\/uploads\/2024\/10\/TOS_5550-2048x1367.jpg 2048w\" sizes=\"auto, (max-width: 1024px) 100vw, 1024px\" \/><\/figure>\n<\/div>\n\n\n<p class=\"has-text-align-center\">Scho rot 2015<\/p>\n\n\n\n<div style=\"height:50px\" aria-hidden=\"true\" class=\"wp-block-spacer\"><\/div>\n\n\n\n<h3 class=\"wp-block-heading\">Verschiedenes<\/h3>\n\n\n\n<ul class=\"wp-block-list\">\n<li>Die Napfrugger proben jeweils 5 Mal und werden deshalb der Bezeichnung &#8222;Guggenmusik&#8220; in seiner urspr\u00fcnglichen Form gerecht.<\/li>\n\n\n\n<li>Die Napfrugger sind sehr familienfreundlich: Von Kleinkindern bis Pension\u00e4ren sind alle herzlich willkommen. Das Durchschnittsalter \u00e4ndert sich w\u00f6chentlich!<\/li>\n\n\n\n<li>Die Kreativit\u00e4t der Napfrugger \u00e4ussert sich auch in der Umsetzung des Mottos mit diversen Aktivit\u00e4ten.<\/li>\n\n\n\n<li>Kinderfasnacht: Die Napfrugger organisieren jeweils am G\u00fcdisdienstag die Kinderuslumpete in Willisau.<\/li>\n\n\n\n<li>Kakojazz: Alle f\u00fcnf Jahre feiern die Napfrugger Geburtstag mit einem Kakojazz Abend, wo sich internationale K\u00fcnstler aus der Jazzszene zusammen mit den Napfruggern auf einer grossen B\u00fchne musikalisch austoben und mit dem Publikum eine Fasnacht feiern, wie sie kaum mehr anzutreffen ist.<\/li>\n<\/ul>\n\n\n\n<p><\/p>\n","protected":false},"excerpt":{"rendered":"<p>Napfrugger Willisau Gr\u00fcndung: 1961 Seit der Gr\u00fcndung durch C\u00e4sar Menz zelebrieren die Napfrugger eine Fasnacht der Narrenfreiheit. Menschen unterschiedlicher Altersklassen und Gesinnungen vereinen sich auch heute noch w\u00fcrdevoll zum Musizieren, Tanzen, Singen und Feiern. Jeder finanziert seine Fasnacht selbst und gestaltet sein Kost\u00fcm nach seinem eigenen Budget und seiner Phantasie, stets dem aktuellen Motto entsprechend. [&hellip;]<\/p>\n","protected":false},"author":1,"featured_media":0,"parent":0,"menu_order":0,"comment_status":"closed","ping_status":"closed","template":"","meta":{"_uag_custom_page_level_css":"","footnotes":""},"class_list":["post-9","page","type-page","status-publish","hentry"],"uagb_featured_image_src":{"full":false,"thumbnail":false,"medium":false,"medium_large":false,"large":false,"1536x1536":false,"2048x2048":false,"blog-large":false,"blog-small":false,"event-list":false,"custom-gallery-small":false},"uagb_author_info":{"display_name":"admin","author_link":"https:\/\/napfrugger-willisau.webtheke.ch\/index.php\/author\/jonast\/"},"uagb_comment_info":0,"uagb_excerpt":"Napfrugger Willisau Gr\u00fcndung: 1961 Seit der Gr\u00fcndung durch C\u00e4sar Menz zelebrieren die Napfrugger eine Fasnacht der Narrenfreiheit. Menschen unterschiedlicher Altersklassen und Gesinnungen vereinen sich auch heute noch w\u00fcrdevoll zum Musizieren, Tanzen, Singen und Feiern. Jeder finanziert seine Fasnacht selbst und gestaltet sein Kost\u00fcm nach seinem eigenen Budget und seiner Phantasie, stets dem aktuellen Motto entsprechend.&hellip;","_links":{"self":[{"href":"https:\/\/napfrugger-willisau.webtheke.ch\/index.php\/wp-json\/wp\/v2\/pages\/9","targetHints":{"allow":["GET"]}}],"collection":[{"href":"https:\/\/napfrugger-willisau.webtheke.ch\/index.php\/wp-json\/wp\/v2\/pages"}],"about":[{"href":"https:\/\/napfrugger-willisau.webtheke.ch\/index.php\/wp-json\/wp\/v2\/types\/page"}],"author":[{"embeddable":true,"href":"https:\/\/napfrugger-willisau.webtheke.ch\/index.php\/wp-json\/wp\/v2\/users\/1"}],"replies":[{"embeddable":true,"href":"https:\/\/napfrugger-willisau.webtheke.ch\/index.php\/wp-json\/wp\/v2\/comments?post=9"}],"version-history":[{"count":29,"href":"https:\/\/napfrugger-willisau.webtheke.ch\/index.php\/wp-json\/wp\/v2\/pages\/9\/revisions"}],"predecessor-version":[{"id":2540,"href":"https:\/\/napfrugger-willisau.webtheke.ch\/index.php\/wp-json\/wp\/v2\/pages\/9\/revisions\/2540"}],"wp:attachment":[{"href":"https:\/\/napfrugger-willisau.webtheke.ch\/index.php\/wp-json\/wp\/v2\/media?parent=9"}],"curies":[{"name":"wp","href":"https:\/\/api.w.org\/{rel}","templated":true}]}}